{"id":60,"date":"2018-03-13T16:17:20","date_gmt":"2018-03-13T15:17:20","guid":{"rendered":"http:\/\/coursedesgarconsdecafe-nantes.fr\/?page_id=60"},"modified":"2023-06-20T12:29:22","modified_gmt":"2023-06-20T10:29:22","slug":"sinscrire","status":"publish","type":"page","link":"https:\/\/coursedesgarconsdecafe-nantes.fr\/?page_id=60","title":{"rendered":"S&rsquo;inscrire"},"content":{"rendered":"<h2 style=\"text-align: center;\"><strong>PARTICIPEZ !<\/strong><\/h2>\n<h3 style=\"text-align: center;\"><strong><span class=\"inputEmoji-emoji\">Vous pouvez vous inscrire en cliquant juste <a href=\"https:\/\/my.weezevent.com\/course-des-serveuses-et-garcons-de-cafe-2023?_gl=1*31i3d3*_gcl_au*MTA4ODczNjUxOC4xNjgzNzIxNDg0*_ga*MTQxMzYzNzM2NS4xNjQ0ODM3NDY1*_ga_39H9VBFX7G*MTY4NTUzNTQwMy4yOS4xLjE2ODU1MzU0NjkuMC4wLjA.\">ici<\/a> <\/span><\/strong><\/h3>\n<p style=\"text-align: center;\"><span class=\"st\">\u26a0<\/span> <em>Courses r\u00e9serv\u00e9es aux serveurs professionnels et apprentis en activit\u00e9s <span class=\"st\">\u26a0<\/span><\/em><\/p>\n<p style=\"text-align: center;\"><a href=\"http:\/\/coursedesgarconsdecafe-nantes.fr\/wp-content\/uploads\/2018\/04\/20170924_145207.jpg\"><img decoding=\"async\" loading=\"lazy\" class=\"wp-image-232 aligncenter\" src=\"http:\/\/coursedesgarconsdecafe-nantes.fr\/wp-content\/uploads\/2018\/04\/20170924_145207-1024x576.jpg\" alt=\"\" width=\"421\" height=\"237\" srcset=\"https:\/\/coursedesgarconsdecafe-nantes.fr\/wp-content\/uploads\/2018\/04\/20170924_145207-1024x576.jpg 1024w, https:\/\/coursedesgarconsdecafe-nantes.fr\/wp-content\/uploads\/2018\/04\/20170924_145207-300x169.jpg 300w, https:\/\/coursedesgarconsdecafe-nantes.fr\/wp-content\/uploads\/2018\/04\/20170924_145207-768x432.jpg 768w\" sizes=\"(max-width: 421px) 100vw, 421px\" \/><\/a><\/p>\n<p style=\"text-align: center;\"><style type=\"text\/css\">.easingslider-553 { width: 100%; }.easingslider-553 .easingslider-fade-in, .easingslider-fade-out { -webkit-animation-duration: 400ms; -moz-animation-duration: 400ms; animation-duration: 400ms; }<\/style><script type=\"text\/javascript\">window.EasingSlider553 = {\"width\":640,\"height\":400,\"singleItem\":true,\"items\":1,\"itemsDesktop\":false,\"itemsDesktopSmall\":false,\"itemsTablet\":false,\"itemsTabletSmall\":false,\"itemsMobile\":false,\"responsive\":true,\"lazyLoad\":true,\"autoPlay\":4000,\"slideSpeed\":400,\"navigation\":true,\"navigationText\":[\"\",\"\"],\"pagination\":true,\"autoHeight\":true,\"mouseDrag\":false,\"touchDrag\":false,\"addClassActive\":true,\"transitionStyle\":\"fade\"};<\/script><div data-id=\"553\" class=\"easingslider easingslider-553 easingslider-container easingslider-full-width easingslider-auto-height easingslider-arrows-inside easingslider-pagination-inside easingslider-pagination-bottom-center\"><div class=\"easingslider-slide\"><img src=\"https:\/\/coursedesgarconsdecafe-nantes.fr\/wp-content\/plugins\/easing-slider\/assets\/images\/placeholder-pixel.png\" data-src=\"https:\/\/coursedesgarconsdecafe-nantes.fr\/wp-content\/uploads\/2023\/06\/logo-umih44.png\" alt=\"\" title=\"\" class=\"easingslider-image easingslider-lazy\" \/><\/div><div class=\"easingslider-slide\"><img src=\"https:\/\/coursedesgarconsdecafe-nantes.fr\/wp-content\/plugins\/easing-slider\/assets\/images\/placeholder-pixel.png\" data-src=\"https:\/\/coursedesgarconsdecafe-nantes.fr\/wp-content\/uploads\/2023\/06\/Sans-titre.png\" alt=\"\" title=\"\" class=\"easingslider-image easingslider-lazy\" \/><\/div><div class=\"easingslider-slide\"><img src=\"https:\/\/coursedesgarconsdecafe-nantes.fr\/wp-content\/plugins\/easing-slider\/assets\/images\/placeholder-pixel.png\" data-src=\"https:\/\/coursedesgarconsdecafe-nantes.fr\/wp-content\/uploads\/2023\/06\/Image1.png\" alt=\"\" title=\"\" class=\"easingslider-image easingslider-lazy\" \/><\/div><div class=\"easingslider-slide\"><img src=\"https:\/\/coursedesgarconsdecafe-nantes.fr\/wp-content\/plugins\/easing-slider\/assets\/images\/placeholder-pixel.png\" data-src=\"https:\/\/coursedesgarconsdecafe-nantes.fr\/wp-content\/uploads\/2023\/06\/GHR-capture.png\" alt=\"\" title=\"\" class=\"easingslider-image easingslider-lazy\" \/><\/div><div class=\"easingslider-slide\"><img src=\"https:\/\/coursedesgarconsdecafe-nantes.fr\/wp-content\/plugins\/easing-slider\/assets\/images\/placeholder-pixel.png\" data-src=\"https:\/\/coursedesgarconsdecafe-nantes.fr\/wp-content\/uploads\/2023\/06\/Logo-Simple-Wine.png\" alt=\"\" title=\"\" class=\"easingslider-image easingslider-lazy\" \/><\/div><div class=\"easingslider-slide\"><img src=\"https:\/\/coursedesgarconsdecafe-nantes.fr\/wp-content\/plugins\/easing-slider\/assets\/images\/placeholder-pixel.png\" data-src=\"https:\/\/coursedesgarconsdecafe-nantes.fr\/wp-content\/uploads\/2023\/06\/Logo-Magnum.png\" alt=\"\" title=\"\" class=\"easingslider-image easingslider-lazy\" \/><\/div><div class=\"easingslider-slide\"><img src=\"https:\/\/coursedesgarconsdecafe-nantes.fr\/wp-content\/plugins\/easing-slider\/assets\/images\/placeholder-pixel.png\" data-src=\"https:\/\/coursedesgarconsdecafe-nantes.fr\/wp-content\/uploads\/2023\/06\/0-RESO44.jpeg\" alt=\"\" title=\"\" class=\"easingslider-image easingslider-lazy\" \/><\/div><div class=\"easingslider-slide\"><img src=\"https:\/\/coursedesgarconsdecafe-nantes.fr\/wp-content\/plugins\/easing-slider\/assets\/images\/placeholder-pixel.png\" data-src=\"https:\/\/coursedesgarconsdecafe-nantes.fr\/wp-content\/uploads\/2023\/06\/0-CMA_pdl-simplifie-rouge.jpg\" alt=\"\" title=\"\" class=\"easingslider-image easingslider-lazy\" \/><\/div><div class=\"easingslider-slide\"><img src=\"https:\/\/coursedesgarconsdecafe-nantes.fr\/wp-content\/plugins\/easing-slider\/assets\/images\/placeholder-pixel.png\" data-src=\"https:\/\/coursedesgarconsdecafe-nantes.fr\/wp-content\/uploads\/2023\/06\/logo-atlantique-boissons-detoure.png\" alt=\"\" title=\"\" class=\"easingslider-image easingslider-lazy\" \/><\/div><div class=\"easingslider-slide\"><img src=\"https:\/\/coursedesgarconsdecafe-nantes.fr\/wp-content\/plugins\/easing-slider\/assets\/images\/placeholder-pixel.png\" data-src=\"https:\/\/coursedesgarconsdecafe-nantes.fr\/wp-content\/uploads\/2023\/06\/les-cadets-restaurant.png\" alt=\"\" title=\"\" class=\"easingslider-image easingslider-lazy\" \/><\/div><div class=\"easingslider-slide\"><img src=\"https:\/\/coursedesgarconsdecafe-nantes.fr\/wp-content\/plugins\/easing-slider\/assets\/images\/placeholder-pixel.png\" data-src=\"https:\/\/coursedesgarconsdecafe-nantes.fr\/wp-content\/uploads\/2023\/06\/lacavedumoros.png\" alt=\"\" title=\"\" class=\"easingslider-image easingslider-lazy\" \/><\/div><div class=\"easingslider-slide\"><img src=\"https:\/\/coursedesgarconsdecafe-nantes.fr\/wp-content\/plugins\/easing-slider\/assets\/images\/placeholder-pixel.png\" data-src=\"https:\/\/coursedesgarconsdecafe-nantes.fr\/wp-content\/uploads\/2023\/06\/logo-profidem.png\" alt=\"\" title=\"\" class=\"easingslider-image easingslider-lazy\" \/><\/div><div class=\"easingslider-slide\"><img src=\"https:\/\/coursedesgarconsdecafe-nantes.fr\/wp-content\/plugins\/easing-slider\/assets\/images\/placeholder-pixel.png\" data-src=\"https:\/\/coursedesgarconsdecafe-nantes.fr\/wp-content\/uploads\/2023\/06\/logo-noir-ipitos.jpg\" alt=\"\" title=\"\" class=\"easingslider-image easingslider-lazy\" \/><\/div><div class=\"easingslider-slide\"><img src=\"https:\/\/coursedesgarconsdecafe-nantes.fr\/wp-content\/plugins\/easing-slider\/assets\/images\/placeholder-pixel.png\" data-src=\"https:\/\/coursedesgarconsdecafe-nantes.fr\/wp-content\/uploads\/2023\/06\/0-cropped-Logo-final-France-01.png\" alt=\"\" title=\"\" class=\"easingslider-image easingslider-lazy\" \/><\/div><div class=\"easingslider-slide\"><img src=\"https:\/\/coursedesgarconsdecafe-nantes.fr\/wp-content\/plugins\/easing-slider\/assets\/images\/placeholder-pixel.png\" data-src=\"https:\/\/coursedesgarconsdecafe-nantes.fr\/wp-content\/uploads\/2023\/06\/19756769_1462048387186660_5917023101635613006_n-300x300-1.png\" alt=\"\" title=\"\" class=\"easingslider-image easingslider-lazy\" \/><\/div><div class=\"easingslider-slide\"><img src=\"https:\/\/coursedesgarconsdecafe-nantes.fr\/wp-content\/plugins\/easing-slider\/assets\/images\/placeholder-pixel.png\" data-src=\"https:\/\/coursedesgarconsdecafe-nantes.fr\/wp-content\/uploads\/2023\/06\/0-pharmacie.png\" alt=\"\" title=\"\" class=\"easingslider-image easingslider-lazy\" \/><\/div><div class=\"easingslider-slide\"><img src=\"https:\/\/coursedesgarconsdecafe-nantes.fr\/wp-content\/plugins\/easing-slider\/assets\/images\/placeholder-pixel.png\" data-src=\"https:\/\/coursedesgarconsdecafe-nantes.fr\/wp-content\/uploads\/2023\/06\/Logo-badoit-intense.png\" alt=\"\" title=\"\" class=\"easingslider-image easingslider-lazy\" \/><\/div><div class=\"easingslider-slide\"><img src=\"https:\/\/coursedesgarconsdecafe-nantes.fr\/wp-content\/plugins\/easing-slider\/assets\/images\/placeholder-pixel.png\" data-src=\"https:\/\/coursedesgarconsdecafe-nantes.fr\/wp-content\/uploads\/2023\/06\/0_logo-slider.png\" alt=\"\" title=\"\" class=\"easingslider-image easingslider-lazy\" \/><\/div><div class=\"easingslider-slide\"><img src=\"https:\/\/coursedesgarconsdecafe-nantes.fr\/wp-content\/plugins\/easing-slider\/assets\/images\/placeholder-pixel.png\" data-src=\"https:\/\/coursedesgarconsdecafe-nantes.fr\/wp-content\/uploads\/2023\/06\/logo-les-valseuses.jpg\" alt=\"\" title=\"\" class=\"easingslider-image easingslider-lazy\" \/><\/div><div class=\"easingslider-slide\"><img src=\"https:\/\/coursedesgarconsdecafe-nantes.fr\/wp-content\/plugins\/easing-slider\/assets\/images\/placeholder-pixel.png\" data-src=\"https:\/\/coursedesgarconsdecafe-nantes.fr\/wp-content\/uploads\/2023\/06\/logo-Negoce-CHR.png\" alt=\"\" title=\"\" class=\"easingslider-image easingslider-lazy\" \/><\/div><div class=\"easingslider-slide\"><img src=\"https:\/\/coursedesgarconsdecafe-nantes.fr\/wp-content\/plugins\/easing-slider\/assets\/images\/placeholder-pixel.png\" data-src=\"https:\/\/coursedesgarconsdecafe-nantes.fr\/wp-content\/uploads\/2023\/06\/1-image-2.png\" alt=\"\" title=\"\" class=\"easingslider-image easingslider-lazy\" \/><\/div><div class=\"easingslider-slide\"><img src=\"https:\/\/coursedesgarconsdecafe-nantes.fr\/wp-content\/plugins\/easing-slider\/assets\/images\/placeholder-pixel.png\" data-src=\"https:\/\/coursedesgarconsdecafe-nantes.fr\/wp-content\/uploads\/2023\/06\/1-HyG-up.png\" alt=\"\" title=\"\" class=\"easingslider-image easingslider-lazy\" \/><\/div><div class=\"easingslider-slide\"><img src=\"https:\/\/coursedesgarconsdecafe-nantes.fr\/wp-content\/plugins\/easing-slider\/assets\/images\/placeholder-pixel.png\" data-src=\"https:\/\/coursedesgarconsdecafe-nantes.fr\/wp-content\/uploads\/2023\/06\/1-guichet_boisson.png\" alt=\"\" title=\"\" class=\"easingslider-image easingslider-lazy\" \/><\/div><div class=\"easingslider-slide\"><img src=\"https:\/\/coursedesgarconsdecafe-nantes.fr\/wp-content\/plugins\/easing-slider\/assets\/images\/placeholder-pixel.png\" data-src=\"https:\/\/coursedesgarconsdecafe-nantes.fr\/wp-content\/uploads\/2023\/06\/0-LogoOuestBoissons_Q.jpeg\" alt=\"\" title=\"\" class=\"easingslider-image easingslider-lazy\" \/><\/div><div class=\"easingslider-slide\"><img src=\"https:\/\/coursedesgarconsdecafe-nantes.fr\/wp-content\/plugins\/easing-slider\/assets\/images\/placeholder-pixel.png\" data-src=\"https:\/\/coursedesgarconsdecafe-nantes.fr\/wp-content\/uploads\/2023\/06\/Logo-Merling-web.png\" alt=\"\" title=\"\" class=\"easingslider-image easingslider-lazy\" \/><\/div><div class=\"easingslider-slide\"><img src=\"https:\/\/coursedesgarconsdecafe-nantes.fr\/wp-content\/plugins\/easing-slider\/assets\/images\/placeholder-pixel.png\" data-src=\"https:\/\/coursedesgarconsdecafe-nantes.fr\/wp-content\/uploads\/2023\/06\/Logo-Atlagel-web.png\" alt=\"\" title=\"\" class=\"easingslider-image easingslider-lazy\" \/><\/div><div class=\"easingslider-slide\"><img src=\"https:\/\/coursedesgarconsdecafe-nantes.fr\/wp-content\/plugins\/easing-slider\/assets\/images\/placeholder-pixel.png\" data-src=\"https:\/\/coursedesgarconsdecafe-nantes.fr\/wp-content\/uploads\/2023\/06\/Nostalgie-nantes-96.8.png\" alt=\"\" title=\"\" class=\"easingslider-image easingslider-lazy\" \/><\/div><div class=\"easingslider-slide\"><img src=\"https:\/\/coursedesgarconsdecafe-nantes.fr\/wp-content\/plugins\/easing-slider\/assets\/images\/placeholder-pixel.png\" data-src=\"https:\/\/coursedesgarconsdecafe-nantes.fr\/wp-content\/uploads\/2023\/06\/Logo_Transgourmet.png\" alt=\"\" title=\"\" class=\"easingslider-image easingslider-lazy\" \/><\/div><div class=\"easingslider-slide\"><img src=\"https:\/\/coursedesgarconsdecafe-nantes.fr\/wp-content\/plugins\/easing-slider\/assets\/images\/placeholder-pixel.png\" data-src=\"https:\/\/coursedesgarconsdecafe-nantes.fr\/wp-content\/uploads\/2023\/06\/0-NextOne-logo-2018.png\" alt=\"\" title=\"\" class=\"easingslider-image easingslider-lazy\" \/><\/div><div class=\"easingslider-slide\"><img src=\"https:\/\/coursedesgarconsdecafe-nantes.fr\/wp-content\/plugins\/easing-slider\/assets\/images\/placeholder-pixel.png\" data-src=\"https:\/\/coursedesgarconsdecafe-nantes.fr\/wp-content\/uploads\/2023\/06\/ORA-Signaleur-100x110-1.png\" alt=\"\" title=\"\" class=\"easingslider-image easingslider-lazy\" \/><\/div><\/div><\/p>\n","protected":false},"excerpt":{"rendered":"<p>PARTICIPEZ ! Vous pouvez vous inscrire en cliquant juste ici \u26a0 Courses r\u00e9serv\u00e9es aux serveurs professionnels et apprentis en activit\u00e9s \u26a0<\/p>\n","protected":false},"author":1,"featured_media":0,"parent":0,"menu_order":0,"comment_status":"closed","ping_status":"closed","template":"","meta":[],"_links":{"self":[{"href":"https:\/\/coursedesgarconsdecafe-nantes.fr\/index.php?rest_route=\/wp\/v2\/pages\/60"}],"collection":[{"href":"https:\/\/coursedesgarconsdecafe-nantes.fr\/index.php?rest_route=\/wp\/v2\/pages"}],"about":[{"href":"https:\/\/coursedesgarconsdecafe-nantes.fr\/index.php?rest_route=\/wp\/v2\/types\/page"}],"author":[{"embeddable":true,"href":"https:\/\/coursedesgarconsdecafe-nantes.fr\/index.php?rest_route=\/wp\/v2\/users\/1"}],"replies":[{"embeddable":true,"href":"https:\/\/coursedesgarconsdecafe-nantes.fr\/index.php?rest_route=%2Fwp%2Fv2%2Fcomments&post=60"}],"version-history":[{"count":28,"href":"https:\/\/coursedesgarconsdecafe-nantes.fr\/index.php?rest_route=\/wp\/v2\/pages\/60\/revisions"}],"predecessor-version":[{"id":607,"href":"https:\/\/coursedesgarconsdecafe-nantes.fr\/index.php?rest_route=\/wp\/v2\/pages\/60\/revisions\/607"}],"wp:attachment":[{"href":"https:\/\/coursedesgarconsdecafe-nantes.fr\/index.php?rest_route=%2Fwp%2Fv2%2Fmedia&parent=60"}],"curies":[{"name":"wp","href":"https:\/\/api.w.org\/{rel}","templated":true}]}}