{"id":66,"date":"2018-03-13T16:17:40","date_gmt":"2018-03-13T15:17:40","guid":{"rendered":"http:\/\/coursedesgarconsdecafe-nantes.fr\/?page_id=66"},"modified":"2021-06-02T16:00:21","modified_gmt":"2021-06-02T14:00:21","slug":"edition-2017","status":"publish","type":"page","link":"https:\/\/coursedesgarconsdecafe-nantes.fr\/?page_id=66","title":{"rendered":"Editions pr\u00e9c\u00e9dentes"},"content":{"rendered":"<h4 style=\"text-align: center;\">75 serveurs, 1 trajet de 1,7 km, des animations toute l&rsquo;apr\u00e8s-midi, de nombreux lots, &#8230;<br \/>\n\u00ab\u00a0Le succ\u00e8s d\u00e9passe largement nos esp\u00e9rances\u00a0\u00bb<\/h4>\n<p style=\"text-align: center;\">Revivez l&rsquo;\u00e9v\u00e8nement sur notre <a href=\"https:\/\/www.facebook.com\/Nantescoeurdeville\/\">page Facebook<\/a><\/p>\n<p style=\"text-align: center;\"><strong><a href=\"https:\/\/www.cedricblondeel.com\/-\/photos\/galeries-privees\/la-course-des-garcons-de-cafe\">\u00a0EN PHOTO &#8211; CLIQUEZ ICI<\/a><br \/>\n<\/strong><\/p>\n<hr \/>\n<p><strong>2019- Un \u00e9v\u00e9n<a href=\"http:\/\/coursedesgarconsdecafe-nantes.fr\/wp-content\/uploads\/2021\/06\/REMISE-PRIX_MG_1890-Ambiance-et-course-GARCAF-2019.jpg\"><img decoding=\"async\" loading=\"lazy\" class=\"size-medium wp-image-446 alignleft\" src=\"http:\/\/coursedesgarconsdecafe-nantes.fr\/wp-content\/uploads\/2021\/06\/REMISE-PRIX_MG_1890-Ambiance-et-course-GARCAF-2019-300x200.jpg\" alt=\"\" width=\"300\" height=\"200\" srcset=\"https:\/\/coursedesgarconsdecafe-nantes.fr\/wp-content\/uploads\/2021\/06\/REMISE-PRIX_MG_1890-Ambiance-et-course-GARCAF-2019-300x200.jpg 300w, https:\/\/coursedesgarconsdecafe-nantes.fr\/wp-content\/uploads\/2021\/06\/REMISE-PRIX_MG_1890-Ambiance-et-course-GARCAF-2019-768x512.jpg 768w, https:\/\/coursedesgarconsdecafe-nantes.fr\/wp-content\/uploads\/2021\/06\/REMISE-PRIX_MG_1890-Ambiance-et-course-GARCAF-2019-1024x683.jpg 1024w\" sizes=\"(max-width: 300px) 100vw, 300px\" \/><\/a>ement festif qui a pour objectif de mettre en lumi\u00e8re la profession !<br \/>\n<\/strong><\/p>\n<p>&nbsp;<\/p>\n<p>&nbsp;<\/p>\n<p>&nbsp;<\/p>\n<hr \/>\n<p><strong>2018 &#8211; La Victoire sur un plateau<\/strong><img decoding=\"async\" loading=\"lazy\" class=\"wp-image-27 alignleft\" src=\"http:\/\/coursedesgarconsdecafe-nantes.fr\/wp-content\/uploads\/2018\/03\/21949765_833710176804602_6161120288212707272_o-300x200.jpg\" alt=\"\" width=\"365\" height=\"243\" srcset=\"https:\/\/coursedesgarconsdecafe-nantes.fr\/wp-content\/uploads\/2018\/03\/21949765_833710176804602_6161120288212707272_o-300x200.jpg 300w, https:\/\/coursedesgarconsdecafe-nantes.fr\/wp-content\/uploads\/2018\/03\/21949765_833710176804602_6161120288212707272_o-768x512.jpg 768w, https:\/\/coursedesgarconsdecafe-nantes.fr\/wp-content\/uploads\/2018\/03\/21949765_833710176804602_6161120288212707272_o.jpg 1000w\" sizes=\"(max-width: 365px) 100vw, 365px\" \/><\/p>\n<p>A Nantes s&rsquo;est d\u00e9roul\u00e9e ce dimanche 24 septembre 2017 la premi\u00e8re \u00e9dition de la course des gar\u00e7ons de caf\u00e9.<br \/>\nLe fonds de dotation Victoire a accompagn\u00e9 cet \u00e9v\u00e9nement convivial.<\/p>\n<p>&nbsp;<\/p>\n<p>&nbsp;<\/p>\n<hr \/>\n<p><strong>2017 &#8211; La premi\u00e8re \u00e9dition !<\/strong><\/p>\n<p style=\"text-align: left;\"><a href=\"https:\/\/is.gd\/m2DMP4\"><img decoding=\"async\" loading=\"lazy\" class=\"wp-image-26 alignleft\" src=\"http:\/\/coursedesgarconsdecafe-nantes.fr\/wp-content\/uploads\/2018\/03\/21950004_833710520137901_6327223849196709991_o-300x200.jpg\" alt=\"\" width=\"338\" height=\"225\" srcset=\"https:\/\/coursedesgarconsdecafe-nantes.fr\/wp-content\/uploads\/2018\/03\/21950004_833710520137901_6327223849196709991_o-300x200.jpg 300w, https:\/\/coursedesgarconsdecafe-nantes.fr\/wp-content\/uploads\/2018\/03\/21950004_833710520137901_6327223849196709991_o-768x512.jpg 768w, https:\/\/coursedesgarconsdecafe-nantes.fr\/wp-content\/uploads\/2018\/03\/21950004_833710520137901_6327223849196709991_o.jpg 1000w\" sizes=\"(max-width: 338px) 100vw, 338px\" \/><\/a><a href=\"http:\/\/coursedesgarconsdecafe-nantes.fr\/wp-content\/uploads\/2018\/03\/Revue-de-presse-2017.pdf\">Revue\u00a0<\/a><a href=\"http:\/\/coursedesgarconsdecafe-nantes.fr\/wp-content\/uploads\/2018\/03\/Revue-de-presse-2017.pdf\">de presse 2017<\/a><\/p>\n<p style=\"text-align: left;\">\u00ab\u00a0De l&rsquo;ambiance (et un peu de casse!)\u00a0\u00bb<br \/>\n\u00ab\u00a0Une \u00e9preuve aussi technique qu\u2019amusante.\u00a0\u00bb<br \/>\n\u00ab\u00a0Les serveurs avaient deux tours \u00e0 effectuer, sous les applaudissements d\u2019un public venu nombreux.\u00a0\u00bb<\/p>\n","protected":false},"excerpt":{"rendered":"<p>75 serveurs, 1 trajet de 1,7 km, des animations toute l&rsquo;apr\u00e8s-midi, de nombreux lots, &#8230; \u00ab\u00a0Le succ\u00e8s d\u00e9passe largement nos esp\u00e9rances\u00a0\u00bb Revivez l&rsquo;\u00e9v\u00e8nement sur notre page Facebook \u00a0EN PHOTO &#8211; CLIQUEZ ICI 2019- Un \u00e9v\u00e9nement festif qui a pour objectif de mettre en lumi\u00e8re la profession ! &nbsp; &nbsp; &nbsp;<\/p>\n","protected":false},"author":1,"featured_media":0,"parent":0,"menu_order":0,"comment_status":"closed","ping_status":"closed","template":"","meta":[],"_links":{"self":[{"href":"https:\/\/coursedesgarconsdecafe-nantes.fr\/index.php?rest_route=\/wp\/v2\/pages\/66"}],"collection":[{"href":"https:\/\/coursedesgarconsdecafe-nantes.fr\/index.php?rest_route=\/wp\/v2\/pages"}],"about":[{"href":"https:\/\/coursedesgarconsdecafe-nantes.fr\/index.php?rest_route=\/wp\/v2\/types\/page"}],"author":[{"embeddable":true,"href":"https:\/\/coursedesgarconsdecafe-nantes.fr\/index.php?rest_route=\/wp\/v2\/users\/1"}],"replies":[{"embeddable":true,"href":"https:\/\/coursedesgarconsdecafe-nantes.fr\/index.php?rest_route=%2Fwp%2Fv2%2Fcomments&post=66"}],"version-history":[{"count":18,"href":"https:\/\/coursedesgarconsdecafe-nantes.fr\/index.php?rest_route=\/wp\/v2\/pages\/66\/revisions"}],"predecessor-version":[{"id":449,"href":"https:\/\/coursedesgarconsdecafe-nantes.fr\/index.php?rest_route=\/wp\/v2\/pages\/66\/revisions\/449"}],"wp:attachment":[{"href":"https:\/\/coursedesgarconsdecafe-nantes.fr\/index.php?rest_route=%2Fwp%2Fv2%2Fmedia&parent=66"}],"curies":[{"name":"wp","href":"https:\/\/api.w.org\/{rel}","templated":true}]}}